{"id":2,"date":"2019-02-12T15:41:20","date_gmt":"2019-02-12T15:41:20","guid":{"rendered":"https:\/\/b131.com.ar\/web\/?page_id=2"},"modified":"2019-03-19T20:33:52","modified_gmt":"2019-03-19T20:33:52","slug":"sample-page","status":"publish","type":"page","link":"https:\/\/b131.com.ar\/web\/","title":{"rendered":"Home"},"content":{"rendered":"<div id=\"pl-2\"  class=\"panel-layout\" ><div id=\"pg-2-0\"  class=\"panel-grid panel-no-style\" ><div id=\"pgc-2-0-0\"  class=\"panel-grid-cell\" ><div id=\"panel-2-0-0-0\" class=\"so-panel widget widget_sow-image panel-first-child panel-last-child\" data-index=\"0\" ><div\n\t\t\t\n\t\t\tclass=\"so-widget-sow-image so-widget-sow-image-default-8b5b6f678277-2\"\n\t\t\t\n\t\t>\n<div class=\"sow-image-container\">\n\t\t\t<a href=\"https:\/\/b131.com.ar\/web\/?page_id=316\"\n\t\t\ttarget=\"_blank\" rel=\"noopener noreferrer\" \t\t>\n\t\t\t<img loading=\"lazy\" decoding=\"async\" src=\"https:\/\/b131.com.ar\/web\/wp-content\/uploads\/2019\/02\/Sep-NuestrosDptos-02A.jpg\" width=\"1200\" height=\"90\" srcset=\"https:\/\/b131.com.ar\/web\/wp-content\/uploads\/2019\/02\/Sep-NuestrosDptos-02A.jpg 1200w, https:\/\/b131.com.ar\/web\/wp-content\/uploads\/2019\/02\/Sep-NuestrosDptos-02A-300x23.jpg 300w, https:\/\/b131.com.ar\/web\/wp-content\/uploads\/2019\/02\/Sep-NuestrosDptos-02A-768x58.jpg 768w, https:\/\/b131.com.ar\/web\/wp-content\/uploads\/2019\/02\/Sep-NuestrosDptos-02A-1024x77.jpg 1024w, https:\/\/b131.com.ar\/web\/wp-content\/uploads\/2019\/02\/Sep-NuestrosDptos-02A-425x32.jpg 425w\" sizes=\"auto, (max-width: 1200px) 100vw, 1200px\" alt=\"\" \t\tclass=\"so-widget-image\"\/>\n\t<\/a><\/div>\n\n<\/div><\/div><\/div><\/div><div id=\"pg-2-1\"  class=\"panel-grid panel-no-style\" ><div id=\"pgc-2-1-0\"  class=\"panel-grid-cell\" ><div id=\"panel-2-1-0-0\" class=\"so-panel widget widget_sow-editor panel-first-child\" data-index=\"1\" ><div\n\t\t\t\n\t\t\tclass=\"so-widget-sow-editor so-widget-sow-editor-base\"\n\t\t\t\n\t\t>\n<div class=\"siteorigin-widget-tinymce textwidget\">\n\t<p><span style=\"font-size: medium;\">Los departamentos son completamente amoblados, modernos y amplios, decorados con un estilo moderno, y presentan excelente calidad en todos sus detalles. Cada unidad cuenta con cocina, living, comedor, habitaci\u00f3n y ba\u00f1o totalmente equipados para su confort y tienen balc\u00f3n individual y externo.<\/span><\/p>\n<p><span style=\"font-size: medium;\">Est\u00e1n situados en Belgrano 131, a solo unos metros del n\u00facleo econ\u00f3mico, comercial y cultural de la capital.<\/span><\/p>\n<\/div>\n<\/div><\/div><div id=\"panel-2-1-0-1\" class=\"so-panel widget widget_sow-image panel-last-child\" data-index=\"2\" ><div\n\t\t\t\n\t\t\tclass=\"so-widget-sow-image so-widget-sow-image-default-8b5b6f678277-2\"\n\t\t\t\n\t\t>\n<div class=\"sow-image-container\">\n\t\t<img loading=\"lazy\" decoding=\"async\" src=\"https:\/\/b131.com.ar\/web\/wp-content\/uploads\/2019\/02\/01-FotoHome-B131.jpg\" width=\"585\" height=\"365\" srcset=\"https:\/\/b131.com.ar\/web\/wp-content\/uploads\/2019\/02\/01-FotoHome-B131.jpg 585w, https:\/\/b131.com.ar\/web\/wp-content\/uploads\/2019\/02\/01-FotoHome-B131-300x187.jpg 300w, https:\/\/b131.com.ar\/web\/wp-content\/uploads\/2019\/02\/01-FotoHome-B131-425x265.jpg 425w\" sizes=\"auto, (max-width: 585px) 100vw, 585px\" alt=\"\" \t\tclass=\"so-widget-image\"\/>\n\t<\/div>\n\n<\/div><\/div><\/div><div id=\"pgc-2-1-1\"  class=\"panel-grid-cell\" ><div id=\"panel-2-1-1-0\" class=\"so-panel widget widget_sow-editor panel-first-child panel-last-child\" data-index=\"3\" ><div\n\t\t\t\n\t\t\tclass=\"so-widget-sow-editor so-widget-sow-editor-base\"\n\t\t\t\n\t\t>\n<div class=\"siteorigin-widget-tinymce textwidget\">\n\t<p style=\"text-align: center;\"><strong> <span style=\"font-size: medium;\">Recorr\u00e9 el departamento en nuestro tour virtual 360\u00ba (haciendo doble click sobre la pantalla se ampl\u00eda a una visualizaci\u00f3n completa)<\/span><\/strong><\/p>\n<p style=\"text-align: center;\"><span style=\"font-size: medium;\">Esta es una de nuestras 5 tipolog\u00edas. Pod\u00e9s acceder a los tours virtuales de todos los departamentos haciendo click <a href=\"https:\/\/b131.com.ar\/web\/?page_id=316\"><strong><span style=\"color: #d8881b;\">aqu\u00ed.<\/span><\/strong><\/a><\/span><\/p>\n<p style=\"text-align: center;\"><div id='container413_2' style='width:600px; height:450px; position: relative;'>This content requires HTML5\/CSS3, WebGL, or Adobe Flash Player Version 9 or higher.<\/div><script type='text\/javascript' src='\/web\/wp-content\/uploads\/2019\/02\/tour_tipo_01_test02_jpg_web\/pano2vr_player.js'><\/script><script type='text\/javascript' src='\/web\/wp-content\/uploads\/2019\/02\/tour_tipo_01_test02_jpg_web\/skin.js'><\/script><script type='text\/javascript'>if (ggHasHtml5Css3D() || ggHasWebGL()) {if  (typeof tour_tipo_01_test02_jpg_web_pano2vrPlayer != 'undefined') pano413_2=new tour_tipo_01_test02_jpg_web_pano2vrPlayer('container413_2');else pano413_2=new pano2vrPlayer('container413_2');if  (typeof tour_tipo_01_test02_jpg_web_pano2vrSkin != 'undefined') skin413_2=new tour_tipo_01_test02_jpg_web_pano2vrSkin(pano413_2, '\/web\/wp-content\/uploads\/2019\/02\/tour_tipo_01_test02_jpg_web\/');else skin413_2=new pano2vrSkin(pano413_2, '\/web\/wp-content\/uploads\/2019\/02\/tour_tipo_01_test02_jpg_web\/');window.addEventListener('load', function() {pano413_2.readConfigUrlAsync('\/web\/wp-content\/uploads\/2019\/02\/tour_tipo_01_test02_jpg_web\/pano.xml');});} else if (swfobject.hasFlashPlayerVersion('10.0.0')) {var flashvars = {};var params = {};function ggXmlReady() { initMap413_2();  };flashvars.externalinterface='1';params.quality = 'high';params.bgcolor = '#ffffff';params.allowscriptaccess = 'sameDomain';params.allowfullscreen = 'true';var attributes = {};attributes.id = 'pano413_2';attributes.name = 'pano413_2';attributes.align = 'middle';flashvars.panoxml= '\/web\/wp-content\/uploads\/2019\/02\/tour_tipo_01_test02_jpg_web\/pano.xml';flashvars.skinxml= '\/web\/wp-content\/uploads\/2019\/02\/tour_tipo_01_test02_jpg_web\/skin.xml';params.base='\/web\/wp-content\/uploads\/2019\/02\/tour_tipo_01_test02_jpg_web\/';swfobject.embedSWF('\/web\/wp-content\/uploads\/2019\/02\/tour_tipo_01_test02_jpg_web\/\/pano2vr_player.swf', 'container413_2','600px', '450px','10.0.0', '',flashvars, params, attributes);}<\/script><noscript><p><b>Please enable Javascript!<\/b><\/p><\/noscript><br><\/p>\n<\/div>\n<\/div><\/div><\/div><\/div><div id=\"pg-2-2\"  class=\"panel-grid panel-no-style\" ><div id=\"pgc-2-2-0\"  class=\"panel-grid-cell\" ><div id=\"panel-2-2-0-0\" class=\"so-panel widget widget_sow-image panel-first-child panel-last-child\" data-index=\"4\" ><div\n\t\t\t\n\t\t\tclass=\"so-widget-sow-image so-widget-sow-image-default-8b5b6f678277-2\"\n\t\t\t\n\t\t>\n<div class=\"sow-image-container\">\n\t\t<img loading=\"lazy\" decoding=\"async\" src=\"https:\/\/b131.com.ar\/web\/wp-content\/uploads\/2019\/02\/Sep-Servicios-y-actividades.jpg\" width=\"1200\" height=\"90\" srcset=\"https:\/\/b131.com.ar\/web\/wp-content\/uploads\/2019\/02\/Sep-Servicios-y-actividades.jpg 1200w, https:\/\/b131.com.ar\/web\/wp-content\/uploads\/2019\/02\/Sep-Servicios-y-actividades-300x23.jpg 300w, https:\/\/b131.com.ar\/web\/wp-content\/uploads\/2019\/02\/Sep-Servicios-y-actividades-768x58.jpg 768w, https:\/\/b131.com.ar\/web\/wp-content\/uploads\/2019\/02\/Sep-Servicios-y-actividades-1024x77.jpg 1024w, https:\/\/b131.com.ar\/web\/wp-content\/uploads\/2019\/02\/Sep-Servicios-y-actividades-425x32.jpg 425w\" sizes=\"auto, (max-width: 1200px) 100vw, 1200px\" alt=\"\" \t\tclass=\"so-widget-image\"\/>\n\t<\/div>\n\n<\/div><\/div><\/div><\/div><div id=\"pg-2-3\"  class=\"panel-grid panel-no-style\" ><div id=\"pgc-2-3-0\"  class=\"panel-grid-cell\" ><div id=\"panel-2-3-0-0\" class=\"so-panel widget widget_sow-editor panel-first-child panel-last-child\" data-index=\"5\" ><div\n\t\t\t\n\t\t\tclass=\"so-widget-sow-editor so-widget-sow-editor-base\"\n\t\t\t\n\t\t>\n<div class=\"siteorigin-widget-tinymce textwidget\">\n\t<p><span style=\"font-size: medium;\"><strong>NUESTROS DEPARTAMENTOS AMOBLADOS CUENTAN CON:<\/strong><\/span><\/p>\n<p><span style=\"font-size: medium;\">\u2022Aire acondicionado<\/span><\/p>\n<p><span style=\"font-size: medium;\">\u2022Conexi\u00f3n WiFi las 24 hs.<\/span><\/p>\n<p><span style=\"font-size: medium;\">\u2022TV Led (32 pulgadas) y servicio de cable.<\/span><\/p>\n<p><span style=\"font-size: medium;\">\u2022Caja de seguridad<\/span><\/p>\n<p><span style=\"font-size: medium;\">\u2022Cocina el\u00e9ctrica, microondas y utensillos de cocina.<\/span><\/p>\n<p><span style=\"font-size: medium;\">\u2022Ropa blanca<\/span><\/p>\n<p><span style=\"font-size: medium;\">\u2022Guardia de seguridad las 24 hs.<\/span><\/p>\n<\/div>\n<\/div><\/div><\/div><div id=\"pgc-2-3-1\"  class=\"panel-grid-cell\" ><div id=\"panel-2-3-1-0\" class=\"so-panel widget widget_sow-editor panel-first-child\" data-index=\"6\" ><div\n\t\t\t\n\t\t\tclass=\"so-widget-sow-editor so-widget-sow-editor-base\"\n\t\t\t\n\t\t>\n<div class=\"siteorigin-widget-tinymce textwidget\">\n\t<p><strong> <span style=\"font-size: medium;\">ACTIVIDADES<\/span><\/strong><\/p>\n<p style=\"text-align: left;\"><span style=\"font-size: medium;\">Nuestros departamentos est\u00e1n ubicados en la zona c\u00e9ntrica de la ciudad donde se pueden encontrar diversas propuestas culturales, gastron\u00f3micas y de esparcimiento.<\/span><\/p>\n<\/div>\n<\/div><\/div><div id=\"panel-2-3-1-1\" class=\"so-panel widget widget_sow-accordion panel-last-child\" data-index=\"7\" ><div\n\t\t\t\n\t\t\tclass=\"so-widget-sow-accordion so-widget-sow-accordion-default-08cf14d584b5-2\"\n\t\t\t\n\t\t><div>\n\t<div class=\"sow-accordion\">\n\t\t\t<div class=\"sow-accordion-panel\"\n\t\t\t data-anchor-id=\"centro-de-cordoba\">\n\t\t\t\t<div class=\"sow-accordion-panel-header-container\" role=\"heading\" aria-level=\"2\">\n\t\t\t\t\t<div class=\"sow-accordion-panel-header\" tabindex=\"0\" role=\"button\" id=\"accordion-label-centro-de-c%c3%b3rdoba\" aria-controls=\"accordion-content-centro-de-c%c3%b3rdoba\" aria-expanded=\"false\">\n\t\t\t\t\t\t<div class=\"sow-accordion-title sow-accordion-title-icon-left\">\n\t\t\t\t\t\t\t\t\t\t\t\t\t\tCentro de C\u00f3rdoba\t\t\t\t\t\t\t\t\t\t\t\t\t<\/div>\n\t\t\t\t\t\t<div class=\"sow-accordion-open-close-button\">\n\t\t\t\t\t\t\t<div class=\"sow-accordion-open-button\">\n\t\t\t\t\t\t\t\t<span class=\"sow-icon-ionicons\" data-sow-icon=\"&#xf218;\"\n\t\t \n\t\taria-hidden=\"true\"><\/span>\t\t\t\t\t\t\t<\/div>\n\t\t\t\t\t\t\t<div class=\"sow-accordion-close-button\">\n\t\t\t\t\t\t\t\t<span class=\"sow-icon-ionicons\" data-sow-icon=\"&#xf209;\"\n\t\t \n\t\taria-hidden=\"true\"><\/span>\t\t\t\t\t\t\t<\/div>\n\t\t\t\t\t\t<\/div>\n\t\t\t\t\t<\/div>\n\t\t\t\t<\/div>\n\n\t\t\t<div\n\t\t\t\tclass=\"sow-accordion-panel-content\"\n\t\t\t\trole=\"region\"\n\t\t\t\taria-labelledby=\"accordion-label-centro-de-c%c3%b3rdoba\"\n\t\t\t\tid=\"accordion-content-centro-de-c%c3%b3rdoba\"\n\t\t\t\tstyle=\"display: none;\"\t\t\t>\n\t\t\t\t<div class=\"sow-accordion-panel-border\">\n\t\t\t\t\t<p>\u2022A tan solo unas cuadras de Belgrano 131 se encuentra la Plaza San Mart\u00edn, el Cabildo y la Catedral. Tres lugares ic\u00f3nicos de la ciudad y con una impronta arquit\u00e9ctonica muy atractiva.<\/p>\n<p>\u2022En el Cabildo se encuentra la Sec. de Cultura de la Municipalidad de C\u00f3rdoba donde pueden encontrar actividades interesantes para realizar durante su estad\u00eda.<\/p>\n<p>\u2022Tambi\u00e9n se puede visitar la Manzana Jesu\u00edtica que est\u00e1 ubicada en pleno centro (las calles que la rodean son Duarte Quir\u00f3s, Av. Velez Sarsfield, Caseros y Obispo Trejo). Fue declarada Patrimonio de la humanidad por la Unesco y es un recorrido tur\u00edstico que exhibe la historia de las instituciones m\u00e1s prestigiosas de la ciudad.<\/p>\n\t\t\t\t<\/div>\n\t\t\t<\/div>\n\t\t<\/div>\n\t\t\t<div class=\"sow-accordion-panel\"\n\t\t\t data-anchor-id=\"nueva-cordoba\">\n\t\t\t\t<div class=\"sow-accordion-panel-header-container\" role=\"heading\" aria-level=\"2\">\n\t\t\t\t\t<div class=\"sow-accordion-panel-header\" tabindex=\"0\" role=\"button\" id=\"accordion-label-nueva-c%c3%b3rdoba\" aria-controls=\"accordion-content-nueva-c%c3%b3rdoba\" aria-expanded=\"false\">\n\t\t\t\t\t\t<div class=\"sow-accordion-title sow-accordion-title-icon-left\">\n\t\t\t\t\t\t\t\t\t\t\t\t\t\tNueva C\u00f3rdoba\t\t\t\t\t\t\t\t\t\t\t\t\t<\/div>\n\t\t\t\t\t\t<div class=\"sow-accordion-open-close-button\">\n\t\t\t\t\t\t\t<div class=\"sow-accordion-open-button\">\n\t\t\t\t\t\t\t\t<span class=\"sow-icon-ionicons\" data-sow-icon=\"&#xf218;\"\n\t\t \n\t\taria-hidden=\"true\"><\/span>\t\t\t\t\t\t\t<\/div>\n\t\t\t\t\t\t\t<div class=\"sow-accordion-close-button\">\n\t\t\t\t\t\t\t\t<span class=\"sow-icon-ionicons\" data-sow-icon=\"&#xf209;\"\n\t\t \n\t\taria-hidden=\"true\"><\/span>\t\t\t\t\t\t\t<\/div>\n\t\t\t\t\t\t<\/div>\n\t\t\t\t\t<\/div>\n\t\t\t\t<\/div>\n\n\t\t\t<div\n\t\t\t\tclass=\"sow-accordion-panel-content\"\n\t\t\t\trole=\"region\"\n\t\t\t\taria-labelledby=\"accordion-label-nueva-c%c3%b3rdoba\"\n\t\t\t\tid=\"accordion-content-nueva-c%c3%b3rdoba\"\n\t\t\t\tstyle=\"display: none;\"\t\t\t>\n\t\t\t\t<div class=\"sow-accordion-panel-border\">\n\t\t\t\t\t<p>\u2022Es la zona que comienza en el shopping Patio Olmos (Av. Hip\u00f3lito Yrigoyen y Bv. San Juan). Nueva C\u00f3rdoba tiene una amplia gama de propuestas gastron\u00f3micas y culturales ya que se encuentra rodeada de restaurants, bares y museos.<\/p>\n<p>\u2022En Bv. San Juan 49 se encuentra el Cineclub Municipal. All\u00ed se puede disfrutar de obras cinematogr\u00e1ficas que generalmente no suelen estar en las carteleras comerciales.<\/p>\n<p>\u2022Unos metros m\u00e1s arriba, precisamente sobre la Av. Hip\u00f3lito Yrigoyen se encuentra el Paseo Buen Pastor. Un atractivo urbano que tiene un show de aguas danzantes y una galer\u00eda que exhibe muestras art\u00edsticas sobre la historia que caracteriza a todo el proyecto arquitect\u00f3nico. La entrada es libre y gratuita.<\/p>\n\t\t\t\t<\/div>\n\t\t\t<\/div>\n\t\t<\/div>\n\t\t\t<div class=\"sow-accordion-panel\"\n\t\t\t data-anchor-id=\"guemes\">\n\t\t\t\t<div class=\"sow-accordion-panel-header-container\" role=\"heading\" aria-level=\"2\">\n\t\t\t\t\t<div class=\"sow-accordion-panel-header\" tabindex=\"0\" role=\"button\" id=\"accordion-label-g%c3%bcemes\" aria-controls=\"accordion-content-g%c3%bcemes\" aria-expanded=\"false\">\n\t\t\t\t\t\t<div class=\"sow-accordion-title sow-accordion-title-icon-left\">\n\t\t\t\t\t\t\t\t\t\t\t\t\t\tG\u00fcemes\t\t\t\t\t\t\t\t\t\t\t\t\t<\/div>\n\t\t\t\t\t\t<div class=\"sow-accordion-open-close-button\">\n\t\t\t\t\t\t\t<div class=\"sow-accordion-open-button\">\n\t\t\t\t\t\t\t\t<span class=\"sow-icon-ionicons\" data-sow-icon=\"&#xf218;\"\n\t\t \n\t\taria-hidden=\"true\"><\/span>\t\t\t\t\t\t\t<\/div>\n\t\t\t\t\t\t\t<div class=\"sow-accordion-close-button\">\n\t\t\t\t\t\t\t\t<span class=\"sow-icon-ionicons\" data-sow-icon=\"&#xf209;\"\n\t\t \n\t\taria-hidden=\"true\"><\/span>\t\t\t\t\t\t\t<\/div>\n\t\t\t\t\t\t<\/div>\n\t\t\t\t\t<\/div>\n\t\t\t\t<\/div>\n\n\t\t\t<div\n\t\t\t\tclass=\"sow-accordion-panel-content\"\n\t\t\t\trole=\"region\"\n\t\t\t\taria-labelledby=\"accordion-label-g%c3%bcemes\"\n\t\t\t\tid=\"accordion-content-g%c3%bcemes\"\n\t\t\t\tstyle=\"display: none;\"\t\t\t>\n\t\t\t\t<div class=\"sow-accordion-panel-border\">\n\t\t\t\t\t<p>\u2022Es otra de las zonas de la ciudad con variadas propuestas gastron\u00f3micas y culturales.<\/p>\n<p>\u2022El dato de color es que los fines de semana las calles del barrio se convierten en peatonales y funciona un mercado de comerciantes (llamado Paseo de las Artes) que exhiben artesan\u00edas y antig\u00fcedades a precios accesibles.<\/p>\n\t\t\t\t<\/div>\n\t\t\t<\/div>\n\t\t<\/div>\n\t\t<\/div>\n<\/div>\n<\/div><\/div><\/div><\/div><\/div>","protected":false},"excerpt":{"rendered":"<p>Los departamentos son completamente amoblados, modernos y amplios, decorados con un estilo moderno, y presentan excelente calidad en todos sus detalles. Cada unidad cuenta con cocina, living, comedor, habitaci\u00f3n y ba\u00f1o totalmente equipados para su confort y tienen balc\u00f3n individual y externo. Est\u00e1n situados en Belgrano 131, a solo unos metros del n\u00facleo econ\u00f3mico, comercial y cultural de la capital. Recorr\u00e9 el departamento en nuestro tour virtual 360\u00ba (haciendo doble click sobre la pantalla se ampl\u00eda a una visualizaci\u00f3n completa) Esta es una de nuestras 5 tipolog\u00edas. Pod\u00e9s acceder a los tours virtuales de todos los departamentos haciendo click aqu\u00ed.<a class=\"more-link\" href=\"https:\/\/b131.com.ar\/web\/\"><span>Read More &rarr;<\/span><\/a><\/p>\n","protected":false},"author":4,"featured_media":0,"parent":0,"menu_order":0,"comment_status":"closed","ping_status":"open","template":"","meta":{"footnotes":""},"class_list":["entry","author-admin","post-2","page","type-page","status-publish"],"_links":{"self":[{"href":"https:\/\/b131.com.ar\/web\/index.php?rest_route=\/wp\/v2\/pages\/2","targetHints":{"allow":["GET"]}}],"collection":[{"href":"https:\/\/b131.com.ar\/web\/index.php?rest_route=\/wp\/v2\/pages"}],"about":[{"href":"https:\/\/b131.com.ar\/web\/index.php?rest_route=\/wp\/v2\/types\/page"}],"author":[{"embeddable":true,"href":"https:\/\/b131.com.ar\/web\/index.php?rest_route=\/wp\/v2\/users\/4"}],"replies":[{"embeddable":true,"href":"https:\/\/b131.com.ar\/web\/index.php?rest_route=%2Fwp%2Fv2%2Fcomments&post=2"}],"version-history":[{"count":63,"href":"https:\/\/b131.com.ar\/web\/index.php?rest_route=\/wp\/v2\/pages\/2\/revisions"}],"predecessor-version":[{"id":274,"href":"https:\/\/b131.com.ar\/web\/index.php?rest_route=\/wp\/v2\/pages\/2\/revisions\/274"}],"wp:attachment":[{"href":"https:\/\/b131.com.ar\/web\/index.php?rest_route=%2Fwp%2Fv2%2Fmedia&parent=2"}],"curies":[{"name":"wp","href":"https:\/\/api.w.org\/{rel}","templated":true}]}}