{"id":320,"date":"2019-02-14T13:33:35","date_gmt":"2019-02-14T13:33:35","guid":{"rendered":"https:\/\/b131.com.ar\/web\/?page_id=320"},"modified":"2019-02-15T14:04:10","modified_gmt":"2019-02-15T14:04:10","slug":"nosotros","status":"publish","type":"page","link":"https:\/\/b131.com.ar\/web\/?page_id=320","title":{"rendered":"Nosotros"},"content":{"rendered":"<div id=\"pl-320\"  class=\"panel-layout\" ><div id=\"pg-320-0\"  class=\"panel-grid panel-no-style\" ><div id=\"pgc-320-0-0\"  class=\"panel-grid-cell\" ><div id=\"panel-320-0-0-0\" class=\"so-panel widget widget_sow-image panel-first-child\" data-index=\"0\" ><div\n\t\t\t\n\t\t\tclass=\"so-widget-sow-image so-widget-sow-image-default-8b5b6f678277-320\"\n\t\t\t\n\t\t>\n<div class=\"sow-image-container\">\n\t\t<img loading=\"lazy\" decoding=\"async\" src=\"https:\/\/b131.com.ar\/web\/wp-content\/uploads\/2019\/02\/02-Portada-Nosotros.jpg\" width=\"1200\" height=\"400\" srcset=\"https:\/\/b131.com.ar\/web\/wp-content\/uploads\/2019\/02\/02-Portada-Nosotros.jpg 1200w, https:\/\/b131.com.ar\/web\/wp-content\/uploads\/2019\/02\/02-Portada-Nosotros-300x100.jpg 300w, https:\/\/b131.com.ar\/web\/wp-content\/uploads\/2019\/02\/02-Portada-Nosotros-768x256.jpg 768w, https:\/\/b131.com.ar\/web\/wp-content\/uploads\/2019\/02\/02-Portada-Nosotros-1024x341.jpg 1024w, https:\/\/b131.com.ar\/web\/wp-content\/uploads\/2019\/02\/02-Portada-Nosotros-425x142.jpg 425w\" sizes=\"auto, (max-width: 1200px) 100vw, 1200px\" title=\"02 Portada Nosotros\" alt=\"\" \t\tclass=\"so-widget-image\"\/>\n\t<\/div>\n\n<\/div><\/div><div id=\"panel-320-0-0-1\" class=\"so-panel widget widget_sow-editor panel-last-child\" data-index=\"1\" ><div\n\t\t\t\n\t\t\tclass=\"so-widget-sow-editor so-widget-sow-editor-base\"\n\t\t\t\n\t\t>\n<div class=\"siteorigin-widget-tinymce textwidget\">\n\t<p><span style=\"font-size: medium;\">B131 es una empresa que ofrece alquiler de departamentos amoblados temporarios en la Ciudad de C\u00f3rdoba. Nuestros trayectoria en el mercado son una garant\u00eda de calidad en oferta de alquileres temporarios: En Booking nuestros departamentos tienen alto nivel de recomendaci\u00f3n y posicionamiento (<a href=\"https:\/\/www.booking.com\/hotel\/ar\/b131.es-ar.html?aid=318615;label=Spanish_Argentina_ES_AR_20153587225-6h15TH8LvM25bNckrW9zZwS217247257083%3Apl%3Ata%3Ap1%3Ap2%3Aac%3Aap1t1%3Aneg%3Afi%3Atidsa-162435869305%3Alp1000126%3Ali%3Adec%3Adm;sid=515d21d899fbc9a1c034cc041801bbbd;dest_id=-983417;dest_type=city;dist=0;hapos=1;hpos=1;room1=A%2CA;sb_price_type=total;sr_order=popularity;srepoch=1550238940;srpvid=ecb061eeba0500c3;type=total;ucfs=1&amp;#hotelTmpl\" style= \"color:#d8881b;\">Boking B131<\/a>).<\/span><\/p>\n<p><span style=\"font-size: medium;\">El edificio se encuentra en Belgrano 131, a unos metros del n\u00facleo econ\u00f3mico, comercial y cultural de la capital. Ofrecemos una gama de departamentos que garantizan confort y comodidad para tu estad\u00eda en la ciudad.<\/span><\/p>\n<\/div>\n<\/div><\/div><\/div><\/div><\/div>","protected":false},"excerpt":{"rendered":"<p>B131 es una empresa que ofrece alquiler de departamentos amoblados temporarios en la Ciudad de C\u00f3rdoba. Nuestros trayectoria en el mercado son una garant\u00eda de calidad en oferta de alquileres temporarios: En Booking nuestros departamentos tienen alto nivel de recomendaci\u00f3n y posicionamiento (Boking B131). El edificio se encuentra en Belgrano 131, a unos metros del n\u00facleo econ\u00f3mico, comercial y cultural de la capital. Ofrecemos una gama de departamentos que garantizan confort y comodidad para tu estad\u00eda en la ciudad.<a class=\"more-link\" href=\"https:\/\/b131.com.ar\/web\/?page_id=320\"><span>Read More &rarr;<\/span><\/a><\/p>\n","protected":false},"author":4,"featured_media":0,"parent":0,"menu_order":0,"comment_status":"closed","ping_status":"closed","template":"","meta":{"footnotes":""},"class_list":["entry","author-admin","post-320","page","type-page","status-publish"],"_links":{"self":[{"href":"https:\/\/b131.com.ar\/web\/index.php?rest_route=\/wp\/v2\/pages\/320","targetHints":{"allow":["GET"]}}],"collection":[{"href":"https:\/\/b131.com.ar\/web\/index.php?rest_route=\/wp\/v2\/pages"}],"about":[{"href":"https:\/\/b131.com.ar\/web\/index.php?rest_route=\/wp\/v2\/types\/page"}],"author":[{"embeddable":true,"href":"https:\/\/b131.com.ar\/web\/index.php?rest_route=\/wp\/v2\/users\/4"}],"replies":[{"embeddable":true,"href":"https:\/\/b131.com.ar\/web\/index.php?rest_route=%2Fwp%2Fv2%2Fcomments&post=320"}],"version-history":[{"count":4,"href":"https:\/\/b131.com.ar\/web\/index.php?rest_route=\/wp\/v2\/pages\/320\/revisions"}],"predecessor-version":[{"id":369,"href":"https:\/\/b131.com.ar\/web\/index.php?rest_route=\/wp\/v2\/pages\/320\/revisions\/369"}],"wp:attachment":[{"href":"https:\/\/b131.com.ar\/web\/index.php?rest_route=%2Fwp%2Fv2%2Fmedia&parent=320"}],"curies":[{"name":"wp","href":"https:\/\/api.w.org\/{rel}","templated":true}]}}